{"id":2430,"date":"2024-09-27T17:26:39","date_gmt":"2024-09-27T17:26:39","guid":{"rendered":"https:\/\/andesdelsurexportadora.com\/?page_id=2430"},"modified":"2024-10-10T16:32:59","modified_gmt":"2024-10-10T16:32:59","slug":"nuevo-nosotros","status":"publish","type":"page","link":"https:\/\/andesdelsurexportadora.com\/index.php\/nuevo-nosotros\/","title":{"rendered":"Nuevo Nosotros"},"content":{"rendered":"\t\t<div data-elementor-type=\"wp-page\" data-elementor-id=\"2430\" class=\"elementor elementor-2430\" data-elementor-post-type=\"page\">\n\t\t\t\t<div class=\"elementor-element elementor-element-c2018b8 e-con-full e-flex e-con e-parent\" data-id=\"c2018b8\" data-element_type=\"container\">\n\t\t<div class=\"elementor-element elementor-element-6e57c22 e-con-full e-flex e-con e-child\" data-id=\"6e57c22\" data-element_type=\"container\" data-settings=\"{&quot;background_background&quot;:&quot;classic&quot;}\">\n\t\t<div class=\"elementor-element elementor-element-9a67de3 e-con-full e-flex elementor-invisible e-con e-child\" data-id=\"9a67de3\" data-element_type=\"container\" data-settings=\"{&quot;animation&quot;:&quot;slideInDown&quot;}\">\n\t\t\t\t<div class=\"elementor-element elementor-element-453d2d6 elementor-widget elementor-widget-image\" data-id=\"453d2d6\" data-element_type=\"widget\" data-widget_type=\"image.default\">\n\t\t\t\t<div class=\"elementor-widget-container\">\n\t\t\t\t\t\t\t\t\t\t\t\t\t\t\t<img fetchpriority=\"high\" decoding=\"async\" width=\"800\" height=\"445\" src=\"https:\/\/andesdelsurexportadora.com\/wp-content\/uploads\/2024\/09\/Logo-Andes-del-Sur.png\" class=\"attachment-large size-large wp-image-1802\" alt=\"\" srcset=\"https:\/\/andesdelsurexportadora.com\/wp-content\/uploads\/2024\/09\/Logo-Andes-del-Sur.png 968w, https:\/\/andesdelsurexportadora.com\/wp-content\/uploads\/2024\/09\/Logo-Andes-del-Sur-300x167.png 300w, https:\/\/andesdelsurexportadora.com\/wp-content\/uploads\/2024\/09\/Logo-Andes-del-Sur-768x428.png 768w\" sizes=\"(max-width: 800px) 100vw, 800px\" \/>\t\t\t\t\t\t\t\t\t\t\t\t\t\t\t<\/div>\n\t\t\t\t<\/div>\n\t\t\t\t<\/div>\n\t\t<div class=\"elementor-element elementor-element-702f675 e-con-full e-flex elementor-invisible e-con e-child\" data-id=\"702f675\" data-element_type=\"container\" data-settings=\"{&quot;animation&quot;:&quot;slideInLeft&quot;}\">\n\t\t\t\t<div class=\"elementor-element elementor-element-50f0e6c elementor-widget elementor-widget-heading\" data-id=\"50f0e6c\" data-element_type=\"widget\" data-widget_type=\"heading.default\">\n\t\t\t\t<div class=\"elementor-widget-container\">\n\t\t\t\t\t<h1 class=\"elementor-heading-title elementor-size-default\">Somos Andes del Sur Exportadora<\/h1>\t\t\t\t<\/div>\n\t\t\t\t<\/div>\n\t\t\t\t<div class=\"elementor-element elementor-element-8fdafb5 elementor-widget elementor-widget-heading\" data-id=\"8fdafb5\" data-element_type=\"widget\" data-widget_type=\"heading.default\">\n\t\t\t\t<div class=\"elementor-widget-container\">\n\t\t\t\t\t<h2 class=\"elementor-heading-title elementor-size-default\">Conoce nuestra historia y principios<\/h2>\t\t\t\t<\/div>\n\t\t\t\t<\/div>\n\t\t\t\t<\/div>\n\t\t<div class=\"elementor-element elementor-element-722bb95 e-con-full elementor-hidden-mobile e-flex e-con e-child\" data-id=\"722bb95\" data-element_type=\"container\">\n\t\t\t\t<div class=\"elementor-element elementor-element-ff0dd20 elementor-widget elementor-widget-heading\" data-id=\"ff0dd20\" data-element_type=\"widget\" data-widget_type=\"heading.default\">\n\t\t\t\t<div class=\"elementor-widget-container\">\n\t\t\t\t\t<h3 class=\"elementor-heading-title elementor-size-default\"><span class=\"palabra\">Tradici\u00f3n<\/span>\n<span class=\"palabra\">Ingenio<\/span>\n<span class=\"palabra\">Pasi\u00f3n<\/span>\n<span class=\"palabra\">Familia<\/span><\/h3>\t\t\t\t<\/div>\n\t\t\t\t<\/div>\n\t\t\t\t<\/div>\n\t\t<div class=\"elementor-element elementor-element-ff654ee e-con-full e-flex elementor-invisible e-con e-child\" data-id=\"ff654ee\" data-element_type=\"container\" data-settings=\"{&quot;animation&quot;:&quot;slideInUp&quot;}\">\n\t\t\t\t<div class=\"elementor-element elementor-element-3f75c27 elementor-widget elementor-widget-text-editor\" data-id=\"3f75c27\" data-element_type=\"widget\" data-widget_type=\"text-editor.default\">\n\t\t\t\t<div class=\"elementor-widget-container\">\n\t\t\t\t\t\t\t\t\t<p>Una empresa agr\u00edcola familiar, de productores y exportadores. Consciente con el entorno y el medio ambiente.\u00a0<\/p>\t\t\t\t\t\t\t\t<\/div>\n\t\t\t\t<\/div>\n\t\t\t\t<div class=\"elementor-element elementor-element-ca2d8e1 elementor-align-right elementor-mobile-align-center elementor-widget elementor-widget-button\" data-id=\"ca2d8e1\" data-element_type=\"widget\" data-widget_type=\"button.default\">\n\t\t\t\t<div class=\"elementor-widget-container\">\n\t\t\t\t\t\t\t\t\t<div class=\"elementor-button-wrapper\">\n\t\t\t\t\t<a class=\"elementor-button elementor-button-link elementor-size-sm\" href=\"https:\/\/andesdelsurexportadora.com\/index.php\/nuevo-nosotros\">\n\t\t\t\t\t\t<span class=\"elementor-button-content-wrapper\">\n\t\t\t\t\t\t\t\t\t<span class=\"elementor-button-text\">Con\u00f3cenos<\/span>\n\t\t\t\t\t<\/span>\n\t\t\t\t\t<\/a>\n\t\t\t\t<\/div>\n\t\t\t\t\t\t\t\t<\/div>\n\t\t\t\t<\/div>\n\t\t\t\t<\/div>\n\t\t\t\t<\/div>\n\t\t<div class=\"elementor-element elementor-element-64d69ea e-flex e-con-boxed e-con e-child\" data-id=\"64d69ea\" data-element_type=\"container\" data-settings=\"{&quot;background_background&quot;:&quot;slideshow&quot;,&quot;background_slideshow_gallery&quot;:[{&quot;id&quot;:2550,&quot;url&quot;:&quot;https:\\\/\\\/andesdelsurexportadora.com\\\/wp-content\\\/uploads\\\/2024\\\/09\\\/COSECHERA-1.png&quot;},{&quot;id&quot;:1814,&quot;url&quot;:&quot;https:\\\/\\\/andesdelsurexportadora.com\\\/wp-content\\\/uploads\\\/2024\\\/09\\\/aa794f93-d9e6-4fdc-a685-7e9029f310df.jpg&quot;},{&quot;id&quot;:1812,&quot;url&quot;:&quot;https:\\\/\\\/andesdelsurexportadora.com\\\/wp-content\\\/uploads\\\/2024\\\/09\\\/46fbfd8d-6ac7-4ba9-84b2-9df205a5a5c4.jpg&quot;},{&quot;id&quot;:1916,&quot;url&quot;:&quot;https:\\\/\\\/andesdelsurexportadora.com\\\/wp-content\\\/uploads\\\/2024\\\/09\\\/PHOTO-2024-09-06-21-52-51.jpg&quot;}],&quot;background_slideshow_ken_burns&quot;:&quot;yes&quot;,&quot;background_slideshow_slide_duration&quot;:2000,&quot;background_slideshow_transition_duration&quot;:300,&quot;background_slideshow_loop&quot;:&quot;yes&quot;,&quot;background_slideshow_slide_transition&quot;:&quot;fade&quot;,&quot;background_slideshow_ken_burns_zoom_direction&quot;:&quot;in&quot;}\">\n\t\t\t\t\t<div class=\"e-con-inner\">\n\t\t\t\t\t<\/div>\n\t\t\t\t<\/div>\n\t\t\t\t<\/div>\n\t\t<div class=\"elementor-element elementor-element-ef874f1 e-flex e-con-boxed elementor-invisible e-con e-parent\" data-id=\"ef874f1\" data-element_type=\"container\" data-settings=\"{&quot;animation&quot;:&quot;slideInUp&quot;,&quot;background_background&quot;:&quot;classic&quot;}\">\n\t\t\t\t\t<div class=\"e-con-inner\">\n\t\t<div class=\"elementor-element elementor-element-12413a2 e-con-full e-flex e-con e-child\" data-id=\"12413a2\" data-element_type=\"container\">\n\t\t<div class=\"elementor-element elementor-element-95c2893 e-con-full e-flex e-con e-child\" data-id=\"95c2893\" data-element_type=\"container\">\n\t\t\t\t<div class=\"elementor-element elementor-element-4044355 elementor-widget elementor-widget-heading\" data-id=\"4044355\" data-element_type=\"widget\" data-widget_type=\"heading.default\">\n\t\t\t\t<div class=\"elementor-widget-container\">\n\t\t\t\t\t<h2 class=\"elementor-heading-title elementor-size-default\">Sobre Nosotros<\/h2>\t\t\t\t<\/div>\n\t\t\t\t<\/div>\n\t\t\t\t<div class=\"elementor-element elementor-element-38a8649 elementor-widget elementor-widget-heading\" data-id=\"38a8649\" data-element_type=\"widget\" data-widget_type=\"heading.default\">\n\t\t\t\t<div class=\"elementor-widget-container\">\n\t\t\t\t\t<h2 class=\"elementor-heading-title elementor-size-default\">Nuestra Historia<\/h2>\t\t\t\t<\/div>\n\t\t\t\t<\/div>\n\t\t<div class=\"elementor-element elementor-element-ab786bd e-con-full e-flex e-con e-child\" data-id=\"ab786bd\" data-element_type=\"container\" data-settings=\"{&quot;background_background&quot;:&quot;classic&quot;}\">\n\t\t<div class=\"elementor-element elementor-element-b294a65 e-con-full e-flex e-con e-child\" data-id=\"b294a65\" data-element_type=\"container\">\n\t\t\t\t<div class=\"elementor-element elementor-element-7eadd0f elementor-widget elementor-widget-text-editor\" data-id=\"7eadd0f\" data-element_type=\"widget\" data-widget_type=\"text-editor.default\">\n\t\t\t\t<div class=\"elementor-widget-container\">\n\t\t\t\t\t\t\t\t\t<p>Andes del Sur tiene su ra\u00edces en un peque\u00f1o negocio familiar que comenz\u00f3 hace 40 a\u00f1os. Carlos Cabrera San Mart\u00edn y su esposa, Irma Jofr\u00e9, adquirieron su primera m\u00e1quina de cosecha y la ofrecieron en alquiler, marcando el comienzo de su trayectoria en la industria agr\u00edcola. Impulsados por su pasi\u00f3n por la agricultura, su hijo Carlos y su compa\u00f1era Marianne se unieron al negocio, aportando tecnolog\u00eda y diversificando los cultivos, llevando as\u00ed la empresa a una nueva escala.<\/p><p>Hoy en d\u00eda, la empresa contin\u00faa con la tercera generaci\u00f3n familiar, con la incorporaci\u00f3n d Catalina, Carlos y Emilia, quienes aportan nuevas perspectivas y comparten el compromiso de expandir los horizontes de la empresa.<\/p><p>En 2018, Carlos tom\u00f3 la decisi\u00f3n estrat\u00e9gica de fundar Andes del Sur Exportaciones, una entidad dedicada a ofrecer y comercializar los productos de la empresa en el mercado internacional. Como CEO, Carlos lidera la empresa junto a su hija Catalina, quien desempe\u00f1a como Jefa de Ventas Internacionales, y su hijo Carlos, quien supervisa las operaciones log\u00edsticas.<\/p><p>Con una rica historia basada en valores familiares, Andes del Sur Exportaciones est\u00e1 listo para escribir el pr\u00f3ximo cap\u00edtulo de \u00e9xito al mostrar los mejores productos agr\u00edcolas de los encantadores paisajes del sur de Chile al resto del mundo.<\/p>\t\t\t\t\t\t\t\t<\/div>\n\t\t\t\t<\/div>\n\t\t\t\t<\/div>\n\t\t<div class=\"elementor-element elementor-element-2d9bd52 e-con-full e-flex e-con e-child\" data-id=\"2d9bd52\" data-element_type=\"container\">\n\t\t\t\t<div class=\"elementor-element elementor-element-17842d4 elementor-arrows-position-inside elementor-pagination-position-outside elementor-widget elementor-widget-image-carousel\" data-id=\"17842d4\" data-element_type=\"widget\" data-settings=\"{&quot;slides_to_show&quot;:&quot;1&quot;,&quot;autoplay_speed&quot;:500,&quot;effect&quot;:&quot;fade&quot;,&quot;speed&quot;:1,&quot;motion_fx_motion_fx_scrolling&quot;:&quot;yes&quot;,&quot;navigation&quot;:&quot;both&quot;,&quot;autoplay&quot;:&quot;yes&quot;,&quot;pause_on_hover&quot;:&quot;yes&quot;,&quot;pause_on_interaction&quot;:&quot;yes&quot;,&quot;infinite&quot;:&quot;yes&quot;,&quot;motion_fx_devices&quot;:[&quot;desktop&quot;,&quot;tablet&quot;,&quot;mobile&quot;]}\" data-widget_type=\"image-carousel.default\">\n\t\t\t\t<div class=\"elementor-widget-container\">\n\t\t\t\t\t\t\t<div class=\"elementor-image-carousel-wrapper swiper\" role=\"region\" aria-roledescription=\"carousel\" aria-label=\"Image Carousel\" dir=\"ltr\">\n\t\t\t<div class=\"elementor-image-carousel swiper-wrapper\" aria-live=\"off\">\n\t\t\t\t\t\t\t\t<div class=\"swiper-slide\" role=\"group\" aria-roledescription=\"slide\" aria-label=\"1 of 7\"><figure class=\"swiper-slide-inner\"><img decoding=\"async\" class=\"swiper-slide-image\" src=\"https:\/\/andesdelsurexportadora.com\/wp-content\/uploads\/2024\/09\/IMG-20240208-WA0021-768x577.jpg\" alt=\"IMG-20240208-WA0021\" \/><\/figure><\/div><div class=\"swiper-slide\" role=\"group\" aria-roledescription=\"slide\" aria-label=\"2 of 7\"><figure class=\"swiper-slide-inner\"><img decoding=\"async\" class=\"swiper-slide-image\" src=\"https:\/\/andesdelsurexportadora.com\/wp-content\/uploads\/2024\/09\/46fbfd8d-6ac7-4ba9-84b2-9df205a5a5c4-768x576.jpg\" alt=\"46fbfd8d-6ac7-4ba9-84b2-9df205a5a5c4\" \/><\/figure><\/div><div class=\"swiper-slide\" role=\"group\" aria-roledescription=\"slide\" aria-label=\"3 of 7\"><figure class=\"swiper-slide-inner\"><img decoding=\"async\" class=\"swiper-slide-image\" src=\"https:\/\/andesdelsurexportadora.com\/wp-content\/uploads\/2024\/09\/IMG_1609-768x576.jpg\" alt=\"IMG_1609\" \/><\/figure><\/div><div class=\"swiper-slide\" role=\"group\" aria-roledescription=\"slide\" aria-label=\"4 of 7\"><figure class=\"swiper-slide-inner\"><img decoding=\"async\" class=\"swiper-slide-image\" src=\"https:\/\/andesdelsurexportadora.com\/wp-content\/uploads\/2024\/09\/PHOTO-2024-09-06-21-52-53-2-768x576.jpg\" alt=\"PHOTO-2024-09-06-21-52-53\" \/><\/figure><\/div><div class=\"swiper-slide\" role=\"group\" aria-roledescription=\"slide\" aria-label=\"5 of 7\"><figure class=\"swiper-slide-inner\"><img decoding=\"async\" class=\"swiper-slide-image\" src=\"https:\/\/andesdelsurexportadora.com\/wp-content\/uploads\/2024\/09\/PHOTO-2024-09-06-21-52-51-768x576.jpg\" alt=\"PHOTO-2024-09-06-21-52-51\" \/><\/figure><\/div><div class=\"swiper-slide\" role=\"group\" aria-roledescription=\"slide\" aria-label=\"6 of 7\"><figure class=\"swiper-slide-inner\"><img decoding=\"async\" class=\"swiper-slide-image\" src=\"https:\/\/andesdelsurexportadora.com\/wp-content\/uploads\/2024\/09\/aa794f93-d9e6-4fdc-a685-7e9029f310df-768x576.jpg\" alt=\"aa794f93-d9e6-4fdc-a685-7e9029f310df\" \/><\/figure><\/div><div class=\"swiper-slide\" role=\"group\" aria-roledescription=\"slide\" aria-label=\"7 of 7\"><figure class=\"swiper-slide-inner\"><img decoding=\"async\" class=\"swiper-slide-image\" src=\"https:\/\/andesdelsurexportadora.com\/wp-content\/uploads\/2024\/09\/PHOTO-2024-09-06-21-52-53-1-768x576.jpg\" alt=\"PHOTO-2024-09-06-21-52-53 (1)\" \/><\/figure><\/div>\t\t\t<\/div>\n\t\t\t\t\t\t\t\t\t\t\t\t<div class=\"elementor-swiper-button elementor-swiper-button-prev\" role=\"button\" tabindex=\"0\">\n\t\t\t\t\t\t<svg aria-hidden=\"true\" class=\"e-font-icon-svg e-eicon-chevron-left\" viewBox=\"0 0 1000 1000\" xmlns=\"http:\/\/www.w3.org\/2000\/svg\"><path d=\"M646 125C629 125 613 133 604 142L308 442C296 454 292 471 292 487 292 504 296 521 308 533L604 854C617 867 629 875 646 875 663 875 679 871 692 858 704 846 713 829 713 812 713 796 708 779 692 767L438 487 692 225C700 217 708 204 708 187 708 171 704 154 692 142 675 129 663 125 646 125Z\"><\/path><\/svg>\t\t\t\t\t<\/div>\n\t\t\t\t\t<div class=\"elementor-swiper-button elementor-swiper-button-next\" role=\"button\" tabindex=\"0\">\n\t\t\t\t\t\t<svg aria-hidden=\"true\" class=\"e-font-icon-svg e-eicon-chevron-right\" viewBox=\"0 0 1000 1000\" xmlns=\"http:\/\/www.w3.org\/2000\/svg\"><path d=\"M696 533C708 521 713 504 713 487 713 471 708 454 696 446L400 146C388 133 375 125 354 125 338 125 325 129 313 142 300 154 292 171 292 187 292 204 296 221 308 233L563 492 304 771C292 783 288 800 288 817 288 833 296 850 308 863 321 871 338 875 354 875 371 875 388 867 400 854L696 533Z\"><\/path><\/svg>\t\t\t\t\t<\/div>\n\t\t\t\t\n\t\t\t\t\t\t\t\t\t<div class=\"swiper-pagination\"><\/div>\n\t\t\t\t\t\t\t\t\t<\/div>\n\t\t\t\t\t\t<\/div>\n\t\t\t\t<\/div>\n\t\t\t\t<\/div>\n\t\t\t\t<\/div>\n\t\t\t\t<\/div>\n\t\t\t\t<\/div>\n\t\t\t\t\t<\/div>\n\t\t\t\t<\/div>\n\t\t<div class=\"elementor-element elementor-element-ad1cac1 e-flex e-con-boxed elementor-invisible e-con e-parent\" data-id=\"ad1cac1\" data-element_type=\"container\" data-settings=\"{&quot;animation&quot;:&quot;slideInUp&quot;}\">\n\t\t\t\t\t<div class=\"e-con-inner\">\n\t\t<div class=\"elementor-element elementor-element-ed358d9 e-con-full e-flex e-con e-child\" data-id=\"ed358d9\" data-element_type=\"container\" data-settings=\"{&quot;background_background&quot;:&quot;classic&quot;}\">\n\t\t\t\t<div class=\"elementor-element elementor-element-cf36cb1 elementor-widget elementor-widget-heading\" data-id=\"cf36cb1\" data-element_type=\"widget\" data-widget_type=\"heading.default\">\n\t\t\t\t<div class=\"elementor-widget-container\">\n\t\t\t\t\t<h2 class=\"elementor-heading-title elementor-size-default\">Misi\u00f3n<\/h2>\t\t\t\t<\/div>\n\t\t\t\t<\/div>\n\t\t\t\t<div class=\"elementor-element elementor-element-98af085 elementor-widget elementor-widget-heading\" data-id=\"98af085\" data-element_type=\"widget\" data-widget_type=\"heading.default\">\n\t\t\t\t<div class=\"elementor-widget-container\">\n\t\t\t\t\t<h2 class=\"elementor-heading-title elementor-size-default\">Producir, Innovar y Exportar<\/h2>\t\t\t\t<\/div>\n\t\t\t\t<\/div>\n\t\t\t\t<div class=\"elementor-element elementor-element-89f8ae0 elementor-widget elementor-widget-text-editor\" data-id=\"89f8ae0\" data-element_type=\"widget\" data-widget_type=\"text-editor.default\">\n\t\t\t\t<div class=\"elementor-widget-container\">\n\t\t\t\t\t\t\t\t\t<p>En Andes del Sur, nuestra misi\u00f3n es cultivar y exportar productos agr\u00edcolas de alta calidad de manera responsable desde el coraz\u00f3n de Chile. Nos dedicamos a proporcionar alimentos nutritivos para la vida diaria, al mismo tiempo que fomentamos un enfoque amigable y sostenible. Con un profundo respeto por nuestro entorno y un compromiso con la responsabilidad social, nos esforzamos por generar un impacto positivo en nuestra comunidad y m\u00e1s all\u00e1.<\/p>\t\t\t\t\t\t\t\t<\/div>\n\t\t\t\t<\/div>\n\t\t\t\t<\/div>\n\t\t<div class=\"elementor-element elementor-element-f83c216 e-con-full e-flex e-con e-child\" data-id=\"f83c216\" data-element_type=\"container\" data-settings=\"{&quot;background_background&quot;:&quot;classic&quot;}\">\n\t\t\t\t<div class=\"elementor-element elementor-element-e864a8f elementor-widget elementor-widget-heading\" data-id=\"e864a8f\" data-element_type=\"widget\" data-widget_type=\"heading.default\">\n\t\t\t\t<div class=\"elementor-widget-container\">\n\t\t\t\t\t<h2 class=\"elementor-heading-title elementor-size-default\">Visi\u00f3n<\/h2>\t\t\t\t<\/div>\n\t\t\t\t<\/div>\n\t\t\t\t<div class=\"elementor-element elementor-element-d76c838 elementor-widget elementor-widget-heading\" data-id=\"d76c838\" data-element_type=\"widget\" data-widget_type=\"heading.default\">\n\t\t\t\t<div class=\"elementor-widget-container\">\n\t\t\t\t\t<h2 class=\"elementor-heading-title elementor-size-default\">Sostenibilidad y Calidad<\/h2>\t\t\t\t<\/div>\n\t\t\t\t<\/div>\n\t\t\t\t<div class=\"elementor-element elementor-element-530248d elementor-widget elementor-widget-text-editor\" data-id=\"530248d\" data-element_type=\"widget\" data-widget_type=\"text-editor.default\">\n\t\t\t\t<div class=\"elementor-widget-container\">\n\t\t\t\t\t\t\t\t\t<p>Andes del Sur aspira a ser una empresa ejemplar que combine la sostenibilidad y la calidad, siendo nuestros propios representantes a nivel internacional. Buscamos convertirnos en embajadores globales de nuestros valores, cultivando una reputaci\u00f3n internacional de excelencia. Mediante la innovaci\u00f3n continua y el fomento de relaciones s\u00f3lidas, buscamos inspirar y liderar un cambio positivo dentro de nuestra industria, mientras representamos con orgullo nuestra empresa familiar desde los cautivadores paisajes del sur de Chile.<\/p>\t\t\t\t\t\t\t\t<\/div>\n\t\t\t\t<\/div>\n\t\t\t\t<\/div>\n\t\t\t\t\t<\/div>\n\t\t\t\t<\/div>\n\t\t<div class=\"elementor-element elementor-element-587f79c e-flex e-con-boxed e-con e-parent\" data-id=\"587f79c\" data-element_type=\"container\">\n\t\t\t\t\t<div class=\"e-con-inner\">\n\t\t<div class=\"elementor-element elementor-element-9e1fab7 e-con-full e-flex e-con e-child\" data-id=\"9e1fab7\" data-element_type=\"container\" data-settings=\"{&quot;background_background&quot;:&quot;classic&quot;}\">\n\t\t<div class=\"elementor-element elementor-element-c635ca4 e-con-full e-flex elementor-invisible e-con e-child\" data-id=\"c635ca4\" data-element_type=\"container\" data-settings=\"{&quot;background_background&quot;:&quot;classic&quot;,&quot;animation&quot;:&quot;slideInLeft&quot;}\">\n\t\t\t\t<div class=\"elementor-element elementor-element-339f62d elementor-widget elementor-widget-heading\" data-id=\"339f62d\" data-element_type=\"widget\" data-widget_type=\"heading.default\">\n\t\t\t\t<div class=\"elementor-widget-container\">\n\t\t\t\t\t<h2 class=\"elementor-heading-title elementor-size-default\">\u00bfInteresado en nuestros productos?<\/h2>\t\t\t\t<\/div>\n\t\t\t\t<\/div>\n\t\t\t\t<\/div>\n\t\t<div class=\"elementor-element elementor-element-db7c365 e-con-full e-flex elementor-invisible e-con e-child\" data-id=\"db7c365\" data-element_type=\"container\" data-settings=\"{&quot;background_background&quot;:&quot;classic&quot;,&quot;animation&quot;:&quot;slideInRight&quot;}\">\n\t\t\t\t<div class=\"elementor-element elementor-element-b6d91eb elementor-widget__width-initial elementor-widget elementor-widget-heading\" data-id=\"b6d91eb\" data-element_type=\"widget\" data-widget_type=\"heading.default\">\n\t\t\t\t<div class=\"elementor-widget-container\">\n\t\t\t\t\t<h2 class=\"elementor-heading-title elementor-size-default\">\u00bfTe gustar\u00eda generar alguna alianza estrat\u00e9gica?<\/h2>\t\t\t\t<\/div>\n\t\t\t\t<\/div>\n\t\t\t\t<\/div>\n\t\t\t\t<div class=\"elementor-element elementor-element-6662e01 elementor-align-center elementor-invisible elementor-widget elementor-widget-button\" data-id=\"6662e01\" data-element_type=\"widget\" data-settings=\"{&quot;motion_fx_motion_fx_scrolling&quot;:&quot;yes&quot;,&quot;motion_fx_range&quot;:&quot;viewport&quot;,&quot;_animation&quot;:&quot;slideInUp&quot;,&quot;motion_fx_devices&quot;:[&quot;desktop&quot;,&quot;tablet&quot;,&quot;mobile&quot;]}\" data-widget_type=\"button.default\">\n\t\t\t\t<div class=\"elementor-widget-container\">\n\t\t\t\t\t\t\t\t\t<div class=\"elementor-button-wrapper\">\n\t\t\t\t\t<a class=\"elementor-button elementor-button-link elementor-size-sm\" href=\"#\">\n\t\t\t\t\t\t<span class=\"elementor-button-content-wrapper\">\n\t\t\t\t\t\t\t\t\t<span class=\"elementor-button-text\">Cont\u00e1ctanos<\/span>\n\t\t\t\t\t<\/span>\n\t\t\t\t\t<\/a>\n\t\t\t\t<\/div>\n\t\t\t\t\t\t\t\t<\/div>\n\t\t\t\t<\/div>\n\t\t\t\t<\/div>\n\t\t\t\t\t<\/div>\n\t\t\t\t<\/div>\n\t\t\t\t<\/div>\n\t\t","protected":false},"excerpt":{"rendered":"<p>Somos Andes del Sur Exportadora Conoce nuestra historia y principios Tradici\u00f3n Ingenio Pasi\u00f3n Familia Una empresa agr\u00edcola familiar, de productores y exportadores. Consciente con el entorno y el medio ambiente.\u00a0 Con\u00f3cenos Sobre Nosotros Nuestra Historia Andes del Sur tiene su ra\u00edces en un peque\u00f1o negocio familiar que comenz\u00f3 hace 40 a\u00f1os. Carlos Cabrera San Mart\u00edn [&hellip;]<\/p>\n","protected":false},"author":1,"featured_media":0,"parent":0,"menu_order":0,"comment_status":"closed","ping_status":"closed","template":"elementor_header_footer","meta":{"footnotes":""},"class_list":["post-2430","page","type-page","status-publish","hentry"],"_links":{"self":[{"href":"https:\/\/andesdelsurexportadora.com\/index.php\/wp-json\/wp\/v2\/pages\/2430","targetHints":{"allow":["GET"]}}],"collection":[{"href":"https:\/\/andesdelsurexportadora.com\/index.php\/wp-json\/wp\/v2\/pages"}],"about":[{"href":"https:\/\/andesdelsurexportadora.com\/index.php\/wp-json\/wp\/v2\/types\/page"}],"author":[{"embeddable":true,"href":"https:\/\/andesdelsurexportadora.com\/index.php\/wp-json\/wp\/v2\/users\/1"}],"replies":[{"embeddable":true,"href":"https:\/\/andesdelsurexportadora.com\/index.php\/wp-json\/wp\/v2\/comments?post=2430"}],"version-history":[{"count":43,"href":"https:\/\/andesdelsurexportadora.com\/index.php\/wp-json\/wp\/v2\/pages\/2430\/revisions"}],"predecessor-version":[{"id":3189,"href":"https:\/\/andesdelsurexportadora.com\/index.php\/wp-json\/wp\/v2\/pages\/2430\/revisions\/3189"}],"wp:attachment":[{"href":"https:\/\/andesdelsurexportadora.com\/index.php\/wp-json\/wp\/v2\/media?parent=2430"}],"curies":[{"name":"wp","href":"https:\/\/api.w.org\/{rel}","templated":true}]}}